{"id":11123,"date":"2021-07-11T02:20:51","date_gmt":"2021-07-11T02:20:51","guid":{"rendered":"https:\/\/sopriata-industries.sn\/?page_id=11123"},"modified":"2021-08-04T20:33:53","modified_gmt":"2021-08-04T20:33:53","slug":"sopriata-sahel-industries","status":"publish","type":"page","link":"https:\/\/sopriata-industries.sn\/?page_id=11123","title":{"rendered":"Pr\u00e9sentation SOPRIATA"},"content":{"rendered":"\t\t<div data-elementor-type=\"wp-post\" data-elementor-id=\"11123\" class=\"elementor elementor-11123\">\n\t\t\t\t\t\t\t\t\t<section class=\"elementor-section elementor-top-section elementor-element elementor-element-4b882c8 elementor-section-boxed elementor-section-height-default elementor-section-height-default\" data-id=\"4b882c8\" data-element_type=\"section\">\n\t\t\t\t\t\t<div class=\"elementor-container elementor-column-gap-default\">\n\t\t\t\t\t<div class=\"elementor-column elementor-col-66 elementor-top-column elementor-element elementor-element-c3a31b6 top column-style-top\" data-id=\"c3a31b6\" data-element_type=\"column\">\n\t\t\t<div class=\"elementor-widget-wrap elementor-element-populated\">\n\t\t\t\t\t\t\t\t<div class=\"elementor-element elementor-element-3df6511 elementor-widget elementor-widget-text-editor\" data-id=\"3df6511\" data-element_type=\"widget\" data-widget_type=\"text-editor.default\">\n\t\t\t\t<div class=\"elementor-widget-container\">\n\t\t\t\t\t\t\t<h4>PR\u00c9SENTATION SSI<\/h4><h5>SOPRIATA SAHEL INDUSTRIES SA est une soci\u00e9t\u00e9 de construction sp\u00e9cialis\u00e9e dans l\u2019ing\u00e9nierie d\u2019ex\u00e9cution de projets industriels.SS Industries SA couvre l\u2019ensemble des phases et m\u00e9tiers de la construction industrielle : \u00e9tudes, planification, fabrication, suivi, montage\u2026<br \/>SS Industries SA intervient sur des projets de nature et de dimensions diverses: b\u00e2timents industriels, r\u00e9servoirs de stockage, unit\u00e9 de traitement, manutentions, papin\u2026<\/h5><h5><br \/>Nos ateliers de charpente m\u00e9tallique couvrent l\u2019ensemble des activit\u00e9s de transformation des produits longs en acier pour la fabrication et le montage des ouvrages, structures, b\u00e2timents, supportages, pyl\u00f4nes,<br \/>Capacit\u00e9 de fabrication allant de 300 \u00e0 500 Tonnes\/mois suivant le type de structure.<\/h5><h4><br \/>Nos Normes et r\u00e8gles de construction :<\/h4><h5><br \/>Normes : EN, AFNOR, ISO, DIN et Annexes<br \/>R\u00e8gles : CM 66, NV 65, DTU Moyens de contr\u00f4le<br \/>Autocontr\u00f4le d\u2019atelier m\u00e9trologie.<br \/>Certificats d\u2019origine des mati\u00e8res premi\u00e8res et produits d\u2019apport. Proc\u00e9d\u00e9s de contr\u00f4le r\u00e9glementaires par les organismes agr\u00e9\u00e9s.<br \/><br \/>Produits<\/h5><h4>Nos domaines d\u2019intervention:<\/h4><h5><br \/>L\u2019industrie p\u00e9troli\u00e8re et gazi\u00e8re<br \/>Production d\u2019\u00e9nergie<br \/>Les Mines<br \/>Process Industries<br \/>Les a\u00e9roports, la logistique, le transport maritime<br \/>Agro business<br \/>Infrastructures Nous intervenons au SENEGAL et dans l\u2019Afrique de l\u2019Ouest.<br \/>Charpente m\u00e9tallique<br \/>Plancher m\u00e9tallique<br \/>Poutre pont roulant<br \/>Structure de carri\u00e8re<br \/>Pyl\u00f4nes et travaux sp\u00e9cifique<\/h5><h4><br \/>R\u00e9alisations<\/h4><h5><br \/>Bacs flottant Gouloumbou <br \/>Charpentes toutes port\u00e9es <br \/>Tuyauterie inox, acier <br \/>R\u00e9servoir d\u2019eau Kaolack <br \/>Chaudi\u00e8res \u00e0 vapeur <br \/>Vis \u00e9l\u00e9vateur<br \/>Bandes transporteuses<br \/>Chaudronnerie culote \u00e0 plusieurs orifices<br \/>Cuves sph\u00e8res gaz<br \/>Citernes carburants<br \/>Cuves gaz et carburant<br \/>Auvents station-service <br \/>Plancher et passerelle m\u00e9tallique<br \/>Pont et passerelle m\u00e9tallique<\/h5><p><img loading=\"lazy\" decoding=\"async\" class=\"alignnone  wp-image-11132\" src=\"https:\/\/sopriata-industries.sn\/wp-content\/uploads\/2015\/12\/MASE.jpeg\" alt=\"\" width=\"135\" height=\"135\" srcset=\"https:\/\/sopriata-industries.sn\/wp-content\/uploads\/2015\/12\/MASE.jpeg 202w, https:\/\/sopriata-industries.sn\/wp-content\/uploads\/2015\/12\/MASE-180x180.jpeg 180w\" sizes=\"auto, (max-width: 135px) 100vw, 135px\" \/><\/p><h5>Fabrication et montage de b\u00e2timents industriels, <br \/>Fabrication et montage de toutes structures m\u00e9talliques,<br \/>Fabrication et installation de tuyauteries et pi\u00e8ces de chaudronnerie,<br \/>Isolation Industrielle,<br \/>Mise \u00e0 disposition de personnel qualifi\u00e9 et de mat\u00e9riel<br \/>R\u00e9paration et entretien des chaudi\u00e8res industrielles,<\/h5><h4><br \/><br \/>Nos domaines d\u2019intervention:<\/h4><h5><br \/>L\u2019industrie p\u00e9troli\u00e8re et gazi\u00e8re<br \/>Production d\u2019\u00e9nergie<br \/>Les Mines<br \/>Process Industries<br \/>Les a\u00e9roports, la logistique, le transport maritime<br \/>Agro business<br \/>Infrastructures Nous intervenons au SENEGAL et dans l\u2019Afrique de l\u2019Ouest.<\/h5><h4><br \/><br \/>Nos certifications :<img loading=\"lazy\" decoding=\"async\" class=\"alignnone  wp-image-11132\" src=\"https:\/\/sopriata-industries.sn\/wp-content\/uploads\/2015\/12\/MASE.jpeg\" alt=\"\" width=\"135\" height=\"135\" srcset=\"https:\/\/sopriata-industries.sn\/wp-content\/uploads\/2015\/12\/MASE.jpeg 202w, https:\/\/sopriata-industries.sn\/wp-content\/uploads\/2015\/12\/MASE-180x180.jpeg 180w\" sizes=\"auto, (max-width: 135px) 100vw, 135px\" \/><\/h4><h5><br \/>Notre syst\u00e8me de management Hygi\u00e8ne, Sant\u00e9, S\u00e9curit\u00e9 et<br \/>Environnement est en cours de certification MASE<\/h5>\t\t\t\t\t\t<\/div>\n\t\t\t\t<\/div>\n\t\t\t\t\t<\/div>\n\t\t<\/div>\n\t\t\t\t<div class=\"elementor-column elementor-col-33 elementor-top-column elementor-element elementor-element-71de01f\" data-id=\"71de01f\" data-element_type=\"column\" data-settings=\"{&quot;background_background&quot;:&quot;classic&quot;}\">\n\t\t\t<div class=\"elementor-widget-wrap elementor-element-populated\">\n\t\t\t\t\t\t\t\t<div class=\"elementor-element elementor-element-163626c elementor-widget elementor-widget-button\" data-id=\"163626c\" data-element_type=\"widget\" data-widget_type=\"button.default\">\n\t\t\t\t<div class=\"elementor-widget-container\">\n\t\t\t\t\t<div class=\"elementor-button-wrapper\">\n\t\t\t<a href=\"#\" class=\"elementor-button-link elementor-button elementor-size-sm\" role=\"button\">\n\t\t\t\t\t\t<span class=\"elementor-button-content-wrapper\">\n\t\t\t\t\t\t<span class=\"elementor-button-text\">Pr\u00e9sentation<\/span>\n\t\t<\/span>\n\t\t\t\t\t<\/a>\n\t\t<\/div>\n\t\t\t\t<\/div>\n\t\t\t\t<\/div>\n\t\t\t\t<div class=\"elementor-element elementor-element-88337b0 elementor-widget elementor-widget-button\" data-id=\"88337b0\" data-element_type=\"widget\" data-widget_type=\"button.default\">\n\t\t\t\t<div class=\"elementor-widget-container\">\n\t\t\t\t\t<div class=\"elementor-button-wrapper\">\n\t\t\t<a href=\"#\" class=\"elementor-button-link elementor-button elementor-size-sm elementor-animation-pulse-shrink\" role=\"button\">\n\t\t\t\t\t\t<span class=\"elementor-button-content-wrapper\">\n\t\t\t\t\t\t<span class=\"elementor-button-text\">Historique<\/span>\n\t\t<\/span>\n\t\t\t\t\t<\/a>\n\t\t<\/div>\n\t\t\t\t<\/div>\n\t\t\t\t<\/div>\n\t\t\t\t<div class=\"elementor-element elementor-element-16f950a elementor-widget elementor-widget-image\" data-id=\"16f950a\" data-element_type=\"widget\" data-widget_type=\"image.default\">\n\t\t\t\t<div class=\"elementor-widget-container\">\n\t\t\t\t\t\t\t\t\t\t\t\t\t\t\t\t<a href=\"https:\/\/sopriata-industries.sn\/?page_id=11408\">\n\t\t\t\t\t\t\t<img loading=\"lazy\" decoding=\"async\" width=\"280\" height=\"230\" src=\"https:\/\/sopriata-industries.sn\/wp-content\/uploads\/2021\/07\/catalogue.jpeg\" class=\"attachment-large size-large\" alt=\"\" \/>\t\t\t\t\t\t\t\t<\/a>\n\t\t\t\t\t\t\t\t\t\t\t\t\t\t\t<\/div>\n\t\t\t\t<\/div>\n\t\t\t\t\t<\/div>\n\t\t<\/div>\n\t\t\t\t\t\t\t<\/div>\n\t\t<\/section>\n\t\t\t\t\t\t\t<\/div>\n\t\t","protected":false},"excerpt":{"rendered":"<p>PR\u00c9SENTATION SSI SOPRIATA SAHEL INDUSTRIES SA est une soci\u00e9t\u00e9 de construction sp\u00e9cialis\u00e9e dans l\u2019ing\u00e9nierie d\u2019ex\u00e9cution de projets industriels.SS Industries SA couvre l\u2019ensemble des phases et m\u00e9tiers de la construction industrielle : \u00e9tudes, planification, fabrication, suivi, montage\u2026SS Industries SA intervient sur des projets de nature et de dimensions diverses: b\u00e2timents industriels, r\u00e9servoirs de stockage, unit\u00e9 de [&hellip;]<\/p>\n","protected":false},"author":1,"featured_media":0,"parent":0,"menu_order":0,"comment_status":"closed","ping_status":"closed","template":"","meta":{"footnotes":""},"class_list":["post-11123","page","type-page","status-publish","hentry"],"_links":{"self":[{"href":"https:\/\/sopriata-industries.sn\/index.php?rest_route=\/wp\/v2\/pages\/11123","targetHints":{"allow":["GET"]}}],"collection":[{"href":"https:\/\/sopriata-industries.sn\/index.php?rest_route=\/wp\/v2\/pages"}],"about":[{"href":"https:\/\/sopriata-industries.sn\/index.php?rest_route=\/wp\/v2\/types\/page"}],"author":[{"embeddable":true,"href":"https:\/\/sopriata-industries.sn\/index.php?rest_route=\/wp\/v2\/users\/1"}],"replies":[{"embeddable":true,"href":"https:\/\/sopriata-industries.sn\/index.php?rest_route=%2Fwp%2Fv2%2Fcomments&post=11123"}],"version-history":[{"count":17,"href":"https:\/\/sopriata-industries.sn\/index.php?rest_route=\/wp\/v2\/pages\/11123\/revisions"}],"predecessor-version":[{"id":11508,"href":"https:\/\/sopriata-industries.sn\/index.php?rest_route=\/wp\/v2\/pages\/11123\/revisions\/11508"}],"wp:attachment":[{"href":"https:\/\/sopriata-industries.sn\/index.php?rest_route=%2Fwp%2Fv2%2Fmedia&parent=11123"}],"curies":[{"name":"wp","href":"https:\/\/api.w.org\/{rel}","templated":true}]}}