{"id":11105,"date":"2021-07-11T01:59:30","date_gmt":"2021-07-11T01:59:30","guid":{"rendered":"https:\/\/sopriata-industries.sn\/?page_id=11105"},"modified":"2021-08-04T22:36:28","modified_gmt":"2021-08-04T22:36:28","slug":"materiels-agricoles","status":"publish","type":"page","link":"https:\/\/sopriata-industries.sn\/?page_id=11105","title":{"rendered":"Mat\u00e9riels agricoles"},"content":{"rendered":"\t\t<div data-elementor-type=\"wp-post\" data-elementor-id=\"11105\" class=\"elementor elementor-11105\">\n\t\t\t\t\t\t\t\t\t<section class=\"elementor-section elementor-top-section elementor-element elementor-element-4b882c8 elementor-section-boxed elementor-section-height-default elementor-section-height-default\" data-id=\"4b882c8\" data-element_type=\"section\">\n\t\t\t\t\t\t<div class=\"elementor-container elementor-column-gap-default\">\n\t\t\t\t\t<div class=\"elementor-column elementor-col-66 elementor-top-column elementor-element elementor-element-c3a31b6 top column-style-top\" data-id=\"c3a31b6\" data-element_type=\"column\">\n\t\t\t<div class=\"elementor-widget-wrap elementor-element-populated\">\n\t\t\t\t\t\t\t\t<div class=\"elementor-element elementor-element-3df6511 elementor-widget elementor-widget-text-editor\" data-id=\"3df6511\" data-element_type=\"widget\" data-widget_type=\"text-editor.default\">\n\t\t\t\t<div class=\"elementor-widget-container\">\n\t\t\t\t\t\t\t<h4>MATERIELS AGRICOLES<\/h4><h5>SOPRIATA SAHEL INDUSTRIES SA con\u00e7oit et fabrique des \u00e9quipements agricoles hautement innovants selon les besoins du march\u00e9 actuel. Pour \u00eatre comp\u00e9titif et tout en respectant un standard de qualit\u00e9 irr\u00e9prochable, nous portons une attention toute particuli\u00e8re \u00e0 la livraison de produits qui respectent les exigences du client, les normes de construction en vigueur et ex\u00e9cut\u00e9s dans les r\u00e8gles de l\u2019art.<\/h5><h5>PERSONNEL SOPRIATA &amp; STYLE DE MANAGEMENT<\/h5><h5>Le personnel de SOPRIATA est form\u00e9 et re\u00e7oit p\u00e9riodiquement des mises \u00e0 niveau dans les domaines des nouvelles technologies de conception et r\u00e9alisations de produits de qualit\u00e9, sur l\u2019organisation du travail visant l\u2019am\u00e9lioration professionnelle, la productivit\u00e9, la s\u00e9curit\u00e9.<\/h5><h5>Notre syst\u00e8me de management, valid\u00e9e par la Direction G\u00e9n\u00e9rale de SOPRIATA SAHEL INDUSTRIES SA prend en compte le syst\u00e8me qualit\u00e9 ISO 9001 version 2015, le syst\u00e8me ISO 14001 (Environnement). Le manuel d\u2019\u00e9laboration s\u00e9curit\u00e9 des Entreprises (MASE) compl\u00e8te ainsi nos syst\u00e8mes de management. Nous avons pour objectif dans le moyen terme le management int\u00e9gr\u00e9 de tous nos diff\u00e9rents syst\u00e8mes.<br \/>La Direction s\u2019engage \u00e9galement \u00e0 mettre en \u0153uvre tout ce qui est n\u00e9cessaire pour faire comprendre et mettre en oeuvre cette politique \u00e0 tous les niveaux de l\u2019Entreprise.<\/h5><h5>Tout le personnel SOPRIATA SAHEL INDUSTRIES SA est responsable de la qualit\u00e9 et de la mise en \u0153uvre des exigences \u00e9nonc\u00e9es dans le manuel qualit\u00e9, dans les domaines de sa propre comp\u00e9tence et est appel\u00e9 \u00e0 collaborer pour l\u2019application des proc\u00e9dures mentionn\u00e9es dans le manuel.<\/h5><h4>Notre charte SANTE, SECURITE, ENVIRONNEMENT, QUALITE sera bient\u00f4t valid\u00e9e par notre Directeur G\u00e9n\u00e9ral.<\/h4><h4>MACHINES AGRICOLES FABRIQUEES PAR NOTRE USINE<\/h4><h5>\u2022 PULVERISEUR OFFSET TRAINES OU AUTOPORTEUR<br \/>\u2022 CHARRUES A DISQUES<br \/>\u2022 BILLONNEUSES<br \/>\u2022 REMORQUES AGRICOLES<br \/>\u2022 TONNALISIER<br \/>\u2022 CITERNE A EAU<br \/>\u2022 MATERIELS A TRACTION ANIMALE<br \/>\u2022 BAC FLOTTANT<\/h5>\t\t\t\t\t\t<\/div>\n\t\t\t\t<\/div>\n\t\t\t\t\t<\/div>\n\t\t<\/div>\n\t\t\t\t<div class=\"elementor-column elementor-col-33 elementor-top-column elementor-element elementor-element-71de01f\" data-id=\"71de01f\" data-element_type=\"column\" data-settings=\"{&quot;background_background&quot;:&quot;classic&quot;}\">\n\t\t\t<div class=\"elementor-widget-wrap elementor-element-populated\">\n\t\t\t\t\t\t\t\t<div class=\"elementor-element elementor-element-163626c elementor-widget elementor-widget-button\" data-id=\"163626c\" data-element_type=\"widget\" data-widget_type=\"button.default\">\n\t\t\t\t<div class=\"elementor-widget-container\">\n\t\t\t\t\t<div class=\"elementor-button-wrapper\">\n\t\t\t<a href=\"#\" class=\"elementor-button-link elementor-button elementor-size-sm\" role=\"button\">\n\t\t\t\t\t\t<span class=\"elementor-button-content-wrapper\">\n\t\t\t\t\t\t<span class=\"elementor-button-text\">Pr\u00e9sentation<\/span>\n\t\t<\/span>\n\t\t\t\t\t<\/a>\n\t\t<\/div>\n\t\t\t\t<\/div>\n\t\t\t\t<\/div>\n\t\t\t\t<div class=\"elementor-element elementor-element-88337b0 elementor-widget elementor-widget-button\" data-id=\"88337b0\" data-element_type=\"widget\" data-widget_type=\"button.default\">\n\t\t\t\t<div class=\"elementor-widget-container\">\n\t\t\t\t\t<div class=\"elementor-button-wrapper\">\n\t\t\t<a href=\"https:\/\/sopriata-industries.sn\/?page_id=11067\" class=\"elementor-button-link elementor-button elementor-size-sm elementor-animation-pulse-shrink\" role=\"button\">\n\t\t\t\t\t\t<span class=\"elementor-button-content-wrapper\">\n\t\t\t\t\t\t<span class=\"elementor-button-text\">Photos Mat\u00e9riels Agricoles<\/span>\n\t\t<\/span>\n\t\t\t\t\t<\/a>\n\t\t<\/div>\n\t\t\t\t<\/div>\n\t\t\t\t<\/div>\n\t\t\t\t<div class=\"elementor-element elementor-element-0614cb0 elementor-widget elementor-widget-button\" data-id=\"0614cb0\" data-element_type=\"widget\" data-widget_type=\"button.default\">\n\t\t\t\t<div class=\"elementor-widget-container\">\n\t\t\t\t\t<div class=\"elementor-button-wrapper\">\n\t\t\t<a href=\"https:\/\/sopriata-industries.sn\/?page_id=11277\" class=\"elementor-button-link elementor-button elementor-size-sm elementor-animation-pulse-shrink\" role=\"button\">\n\t\t\t\t\t\t<span class=\"elementor-button-content-wrapper\">\n\t\t\t\t\t\t<span class=\"elementor-button-text\">Vid\u00e9o<\/span>\n\t\t<\/span>\n\t\t\t\t\t<\/a>\n\t\t<\/div>\n\t\t\t\t<\/div>\n\t\t\t\t<\/div>\n\t\t\t\t<div class=\"elementor-element elementor-element-16f950a elementor-widget elementor-widget-image\" data-id=\"16f950a\" data-element_type=\"widget\" data-widget_type=\"image.default\">\n\t\t\t\t<div class=\"elementor-widget-container\">\n\t\t\t\t\t\t\t\t\t\t\t\t\t\t\t\t<a href=\"https:\/\/sopriata-industries.sn\/?page_id=11408\">\n\t\t\t\t\t\t\t<img loading=\"lazy\" decoding=\"async\" width=\"280\" height=\"230\" src=\"https:\/\/sopriata-industries.sn\/wp-content\/uploads\/2021\/07\/catalogue.jpeg\" class=\"attachment-large size-large\" alt=\"\" \/>\t\t\t\t\t\t\t\t<\/a>\n\t\t\t\t\t\t\t\t\t\t\t\t\t\t\t<\/div>\n\t\t\t\t<\/div>\n\t\t\t\t\t<\/div>\n\t\t<\/div>\n\t\t\t\t\t\t\t<\/div>\n\t\t<\/section>\n\t\t\t\t\t\t\t<\/div>\n\t\t","protected":false},"excerpt":{"rendered":"<p>MATERIELS AGRICOLES SOPRIATA SAHEL INDUSTRIES SA con\u00e7oit et fabrique des \u00e9quipements agricoles hautement innovants selon les besoins du march\u00e9 actuel. Pour \u00eatre comp\u00e9titif et tout en respectant un standard de qualit\u00e9 irr\u00e9prochable, nous portons une attention toute particuli\u00e8re \u00e0 la livraison de produits qui respectent les exigences du client, les normes de construction en vigueur [&hellip;]<\/p>\n","protected":false},"author":1,"featured_media":0,"parent":0,"menu_order":0,"comment_status":"closed","ping_status":"closed","template":"","meta":{"footnotes":""},"class_list":["post-11105","page","type-page","status-publish","hentry"],"_links":{"self":[{"href":"https:\/\/sopriata-industries.sn\/index.php?rest_route=\/wp\/v2\/pages\/11105","targetHints":{"allow":["GET"]}}],"collection":[{"href":"https:\/\/sopriata-industries.sn\/index.php?rest_route=\/wp\/v2\/pages"}],"about":[{"href":"https:\/\/sopriata-industries.sn\/index.php?rest_route=\/wp\/v2\/types\/page"}],"author":[{"embeddable":true,"href":"https:\/\/sopriata-industries.sn\/index.php?rest_route=\/wp\/v2\/users\/1"}],"replies":[{"embeddable":true,"href":"https:\/\/sopriata-industries.sn\/index.php?rest_route=%2Fwp%2Fv2%2Fcomments&post=11105"}],"version-history":[{"count":17,"href":"https:\/\/sopriata-industries.sn\/index.php?rest_route=\/wp\/v2\/pages\/11105\/revisions"}],"predecessor-version":[{"id":11523,"href":"https:\/\/sopriata-industries.sn\/index.php?rest_route=\/wp\/v2\/pages\/11105\/revisions\/11523"}],"wp:attachment":[{"href":"https:\/\/sopriata-industries.sn\/index.php?rest_route=%2Fwp%2Fv2%2Fmedia&parent=11105"}],"curies":[{"name":"wp","href":"https:\/\/api.w.org\/{rel}","templated":true}]}}