{"id":11104,"date":"2021-07-11T01:59:30","date_gmt":"2021-07-11T01:59:30","guid":{"rendered":"https:\/\/sopriata-industries.sn\/?page_id=11104"},"modified":"2021-08-04T22:32:31","modified_gmt":"2021-08-04T22:32:31","slug":"etudes-conception","status":"publish","type":"page","link":"https:\/\/sopriata-industries.sn\/?page_id=11104","title":{"rendered":"Etudes &#038; Conception"},"content":{"rendered":"\t\t<div data-elementor-type=\"wp-post\" data-elementor-id=\"11104\" class=\"elementor elementor-11104\">\n\t\t\t\t\t\t\t\t\t<section class=\"elementor-section elementor-top-section elementor-element elementor-element-4b882c8 elementor-section-boxed elementor-section-height-default elementor-section-height-default\" data-id=\"4b882c8\" data-element_type=\"section\">\n\t\t\t\t\t\t<div class=\"elementor-container elementor-column-gap-default\">\n\t\t\t\t\t<div class=\"elementor-column elementor-col-66 elementor-top-column elementor-element elementor-element-c3a31b6 top column-style-top\" data-id=\"c3a31b6\" data-element_type=\"column\">\n\t\t\t<div class=\"elementor-widget-wrap elementor-element-populated\">\n\t\t\t\t\t\t\t\t<div class=\"elementor-element elementor-element-3df6511 elementor-widget elementor-widget-text-editor\" data-id=\"3df6511\" data-element_type=\"widget\" data-widget_type=\"text-editor.default\">\n\t\t\t\t<div class=\"elementor-widget-container\">\n\t\t\t\t\t\t\t<h5>BUREAU D\u2019\u00c9TUDES ET CONCEPTION<\/h5><h5>La Conception et dimensionnement de tous types de structure m\u00e9tallique (charpente m\u00e9tallique, plateformes, passerelles, escaliers), r\u00e9servoirs sous pression, cuves de carburant.<\/h5><h4><br \/>R\u00e8gles de conception :<\/h4><h5><br \/>\u2022 CM 66<br \/>\u2022 NV 65<br \/>\u2022 DTU<br \/>\u2022 CODAP<br \/>\u2022 ASME Section 8<br \/>\u2022 BS<\/h5><h4>Outils de conception :<\/h4><h5><br \/>\u2022 SOLIDWORKS<br \/>\u2022 ROBOT MILLENIUM<br \/>\u2022 CATIA V5<br \/>\u2022 AUTOCAD<br \/>\u2022 TEKLA XSTEEL<\/h5>\t\t\t\t\t\t<\/div>\n\t\t\t\t<\/div>\n\t\t\t\t\t<\/div>\n\t\t<\/div>\n\t\t\t\t<div class=\"elementor-column elementor-col-33 elementor-top-column elementor-element elementor-element-71de01f\" data-id=\"71de01f\" data-element_type=\"column\" data-settings=\"{&quot;background_background&quot;:&quot;classic&quot;}\">\n\t\t\t<div class=\"elementor-widget-wrap elementor-element-populated\">\n\t\t\t\t\t\t\t\t<div class=\"elementor-element elementor-element-d66291c elementor-widget elementor-widget-button\" data-id=\"d66291c\" data-element_type=\"widget\" data-widget_type=\"button.default\">\n\t\t\t\t<div class=\"elementor-widget-container\">\n\t\t\t\t\t<div class=\"elementor-button-wrapper\">\n\t\t\t<a href=\"https:\/\/sopriata-industries.sn\/?page_id=11251\" class=\"elementor-button-link elementor-button elementor-size-sm elementor-animation-pulse-shrink\" role=\"button\">\n\t\t\t\t\t\t<span class=\"elementor-button-content-wrapper\">\n\t\t\t\t\t\t<span class=\"elementor-button-text\">Photos Etudes & Conception<\/span>\n\t\t<\/span>\n\t\t\t\t\t<\/a>\n\t\t<\/div>\n\t\t\t\t<\/div>\n\t\t\t\t<\/div>\n\t\t\t\t<div class=\"elementor-element elementor-element-704135d elementor-widget elementor-widget-button\" data-id=\"704135d\" data-element_type=\"widget\" data-widget_type=\"button.default\">\n\t\t\t\t<div class=\"elementor-widget-container\">\n\t\t\t\t\t<div class=\"elementor-button-wrapper\">\n\t\t\t<a href=\"#\" class=\"elementor-button-link elementor-button elementor-size-sm elementor-animation-pulse-shrink\" role=\"button\">\n\t\t\t\t\t\t<span class=\"elementor-button-content-wrapper\">\n\t\t\t\t\t\t<span class=\"elementor-button-text\">Vid\u00e9o<\/span>\n\t\t<\/span>\n\t\t\t\t\t<\/a>\n\t\t<\/div>\n\t\t\t\t<\/div>\n\t\t\t\t<\/div>\n\t\t\t\t<div class=\"elementor-element elementor-element-16f950a elementor-widget elementor-widget-image\" data-id=\"16f950a\" data-element_type=\"widget\" data-widget_type=\"image.default\">\n\t\t\t\t<div class=\"elementor-widget-container\">\n\t\t\t\t\t\t\t\t\t\t\t\t\t\t\t\t<a href=\"https:\/\/sopriata-industries.sn\/?page_id=11408\">\n\t\t\t\t\t\t\t<img loading=\"lazy\" decoding=\"async\" width=\"280\" height=\"230\" src=\"https:\/\/sopriata-industries.sn\/wp-content\/uploads\/2021\/07\/catalogue.jpeg\" class=\"attachment-large size-large\" alt=\"\" \/>\t\t\t\t\t\t\t\t<\/a>\n\t\t\t\t\t\t\t\t\t\t\t\t\t\t\t<\/div>\n\t\t\t\t<\/div>\n\t\t\t\t\t<\/div>\n\t\t<\/div>\n\t\t\t\t\t\t\t<\/div>\n\t\t<\/section>\n\t\t\t\t<section class=\"elementor-section elementor-top-section elementor-element elementor-element-369d505 elementor-section-boxed elementor-section-height-default elementor-section-height-default\" data-id=\"369d505\" data-element_type=\"section\">\n\t\t\t\t\t\t<div class=\"elementor-container elementor-column-gap-default\">\n\t\t\t\t\t<div class=\"elementor-column elementor-col-50 elementor-top-column elementor-element elementor-element-5909d0f top column-style-top\" data-id=\"5909d0f\" data-element_type=\"column\">\n\t\t\t<div class=\"elementor-widget-wrap elementor-element-populated\">\n\t\t\t\t\t\t\t\t<div class=\"elementor-element elementor-element-7cbb7bc elementor-widget elementor-widget-image\" data-id=\"7cbb7bc\" data-element_type=\"widget\" data-widget_type=\"image.default\">\n\t\t\t\t<div class=\"elementor-widget-container\">\n\t\t\t\t\t\t\t\t\t\t\t\t\t\t\t<img loading=\"lazy\" decoding=\"async\" width=\"900\" height=\"491\" src=\"https:\/\/sopriata-industries.sn\/wp-content\/uploads\/2015\/12\/IMG-20201031-WA0014-1024x559.jpg\" class=\"attachment-large size-large\" alt=\"\" srcset=\"https:\/\/sopriata-industries.sn\/wp-content\/uploads\/2015\/12\/IMG-20201031-WA0014-1024x559.jpg 1024w, https:\/\/sopriata-industries.sn\/wp-content\/uploads\/2015\/12\/IMG-20201031-WA0014-768x420.jpg 768w, https:\/\/sopriata-industries.sn\/wp-content\/uploads\/2015\/12\/IMG-20201031-WA0014.jpg 1080w\" sizes=\"auto, (max-width: 900px) 100vw, 900px\" \/>\t\t\t\t\t\t\t\t\t\t\t\t\t\t\t<\/div>\n\t\t\t\t<\/div>\n\t\t\t\t\t<\/div>\n\t\t<\/div>\n\t\t\t\t<div class=\"elementor-column elementor-col-50 elementor-top-column elementor-element elementor-element-c55c5d5 top column-style-top\" data-id=\"c55c5d5\" data-element_type=\"column\">\n\t\t\t<div class=\"elementor-widget-wrap elementor-element-populated\">\n\t\t\t\t\t\t\t\t<div class=\"elementor-element elementor-element-0d72196 elementor-widget elementor-widget-image\" data-id=\"0d72196\" data-element_type=\"widget\" data-widget_type=\"image.default\">\n\t\t\t\t<div class=\"elementor-widget-container\">\n\t\t\t\t\t\t\t\t\t\t\t\t\t\t\t<img loading=\"lazy\" decoding=\"async\" width=\"875\" height=\"588\" src=\"https:\/\/sopriata-industries.sn\/wp-content\/uploads\/2015\/12\/IMG-20201031-WA0013.jpg\" class=\"attachment-large size-large\" alt=\"\" srcset=\"https:\/\/sopriata-industries.sn\/wp-content\/uploads\/2015\/12\/IMG-20201031-WA0013.jpg 875w, https:\/\/sopriata-industries.sn\/wp-content\/uploads\/2015\/12\/IMG-20201031-WA0013-768x516.jpg 768w\" sizes=\"auto, (max-width: 875px) 100vw, 875px\" \/>\t\t\t\t\t\t\t\t\t\t\t\t\t\t\t<\/div>\n\t\t\t\t<\/div>\n\t\t\t\t\t<\/div>\n\t\t<\/div>\n\t\t\t\t\t\t\t<\/div>\n\t\t<\/section>\n\t\t\t\t\t\t\t<\/div>\n\t\t","protected":false},"excerpt":{"rendered":"<p>BUREAU D\u2019\u00c9TUDES ET CONCEPTION La Conception et dimensionnement de tous types de structure m\u00e9tallique (charpente m\u00e9tallique, plateformes, passerelles, escaliers), r\u00e9servoirs sous pression, cuves de carburant. R\u00e8gles de conception : \u2022 CM 66\u2022 NV 65\u2022 DTU\u2022 CODAP\u2022 ASME Section 8\u2022 BS Outils de conception : \u2022 SOLIDWORKS\u2022 ROBOT MILLENIUM\u2022 CATIA V5\u2022 AUTOCAD\u2022 TEKLA XSTEEL Photos Etudes [&hellip;]<\/p>\n","protected":false},"author":1,"featured_media":0,"parent":0,"menu_order":0,"comment_status":"closed","ping_status":"closed","template":"","meta":{"footnotes":""},"class_list":["post-11104","page","type-page","status-publish","hentry"],"_links":{"self":[{"href":"https:\/\/sopriata-industries.sn\/index.php?rest_route=\/wp\/v2\/pages\/11104","targetHints":{"allow":["GET"]}}],"collection":[{"href":"https:\/\/sopriata-industries.sn\/index.php?rest_route=\/wp\/v2\/pages"}],"about":[{"href":"https:\/\/sopriata-industries.sn\/index.php?rest_route=\/wp\/v2\/types\/page"}],"author":[{"embeddable":true,"href":"https:\/\/sopriata-industries.sn\/index.php?rest_route=\/wp\/v2\/users\/1"}],"replies":[{"embeddable":true,"href":"https:\/\/sopriata-industries.sn\/index.php?rest_route=%2Fwp%2Fv2%2Fcomments&post=11104"}],"version-history":[{"count":16,"href":"https:\/\/sopriata-industries.sn\/index.php?rest_route=\/wp\/v2\/pages\/11104\/revisions"}],"predecessor-version":[{"id":11519,"href":"https:\/\/sopriata-industries.sn\/index.php?rest_route=\/wp\/v2\/pages\/11104\/revisions\/11519"}],"wp:attachment":[{"href":"https:\/\/sopriata-industries.sn\/index.php?rest_route=%2Fwp%2Fv2%2Fmedia&parent=11104"}],"curies":[{"name":"wp","href":"https:\/\/api.w.org\/{rel}","templated":true}]}}