{"id":11072,"date":"2021-07-10T23:53:05","date_gmt":"2021-07-10T23:53:05","guid":{"rendered":"https:\/\/sopriata-industries.sn\/?page_id=11072"},"modified":"2021-08-04T21:07:11","modified_gmt":"2021-08-04T21:07:11","slug":"construction-metallique","status":"publish","type":"page","link":"https:\/\/sopriata-industries.sn\/?page_id=11072","title":{"rendered":"construction m\u00e9tallique"},"content":{"rendered":"\t\t<div data-elementor-type=\"wp-post\" data-elementor-id=\"11072\" class=\"elementor elementor-11072\">\n\t\t\t\t\t\t\t\t\t<section class=\"elementor-section elementor-top-section elementor-element elementor-element-4b882c8 elementor-section-boxed elementor-section-height-default elementor-section-height-default\" data-id=\"4b882c8\" data-element_type=\"section\">\n\t\t\t\t\t\t<div class=\"elementor-container elementor-column-gap-default\">\n\t\t\t\t\t<div class=\"elementor-column elementor-col-66 elementor-top-column elementor-element elementor-element-c3a31b6 top column-style-top\" data-id=\"c3a31b6\" data-element_type=\"column\">\n\t\t\t<div class=\"elementor-widget-wrap elementor-element-populated\">\n\t\t\t\t\t\t\t\t<div class=\"elementor-element elementor-element-3df6511 elementor-widget elementor-widget-text-editor\" data-id=\"3df6511\" data-element_type=\"widget\" data-widget_type=\"text-editor.default\">\n\t\t\t\t<div class=\"elementor-widget-container\">\n\t\t\t\t\t\t\t<h5><b>PR\u00c9SENTATION CHARPENTE METALLIQUE\u00a0<\/b><\/h5><h5>Nos activit\u00e9s de charpente m\u00e9tallique couvrent l\u2019ensemble de notre activit\u00e9 de transformation des produits en acier pour la confection et le montage des ouvrages, structures, b\u00e2timents, supportages, pyl\u00f4nes, fermes pont roulants\u2026.<br \/>Notre capacit\u00e9 de fabrication tourne autour de 1500 a 2500 Tonnes par an suivant le type de structure.<\/h5><hr \/><h4>Normes et r\u00e8gles de construction<\/h4><h5><br \/>\u2022 Normes : EN, AFNOR, ISO, DIN et Annexes<br \/>\u2022 R\u00e8gles : CM 66, NV 65, DTU<\/h5><hr \/><h4>Moyens de contr\u00f4le<\/h4><h5><br \/>\u2022 Autocontr\u00f4le d\u2019atelier m\u00e9trologie.<br \/>\u2022 Certificats d\u2019origine des mati\u00e8res premi\u00e8res et produits d\u2019apport.<br \/>\u2022 Proc\u00e9d\u00e9s de contr\u00f4le r\u00e9glementaires par les organismes agr\u00e8es.<\/h5><hr \/><h4>Produits<\/h4><h5><br \/>\u2022 Charpente m\u00e9tallique<br \/>\u2022 Ch\u00e2teau d\u2019eau<br \/>\u2022 Pont roulant<br \/>\u2022 Plancher m\u00e9tallique<br \/>\u2022 Poutre pont roulant<br \/>\u2022 Structure de carri\u00e8re<br \/>\u2022 Pyl\u00f4nes<br \/>\u2022 Travaux sp\u00e9cifiques sur demande<\/h5>\t\t\t\t\t\t<\/div>\n\t\t\t\t<\/div>\n\t\t\t\t\t<\/div>\n\t\t<\/div>\n\t\t\t\t<div class=\"elementor-column elementor-col-33 elementor-top-column elementor-element elementor-element-71de01f\" data-id=\"71de01f\" data-element_type=\"column\" data-settings=\"{&quot;background_background&quot;:&quot;classic&quot;}\">\n\t\t\t<div class=\"elementor-widget-wrap elementor-element-populated\">\n\t\t\t\t\t\t\t\t<div class=\"elementor-element elementor-element-163626c elementor-widget elementor-widget-button\" data-id=\"163626c\" data-element_type=\"widget\" data-widget_type=\"button.default\">\n\t\t\t\t<div class=\"elementor-widget-container\">\n\t\t\t\t\t<div class=\"elementor-button-wrapper\">\n\t\t\t<a href=\"#\" class=\"elementor-button-link elementor-button elementor-size-sm\" role=\"button\">\n\t\t\t\t\t\t<span class=\"elementor-button-content-wrapper\">\n\t\t\t\t\t\t<span class=\"elementor-button-text\">Pr\u00e9sentation<\/span>\n\t\t<\/span>\n\t\t\t\t\t<\/a>\n\t\t<\/div>\n\t\t\t\t<\/div>\n\t\t\t\t<\/div>\n\t\t\t\t<div class=\"elementor-element elementor-element-88337b0 elementor-widget elementor-widget-button\" data-id=\"88337b0\" data-element_type=\"widget\" data-widget_type=\"button.default\">\n\t\t\t\t<div class=\"elementor-widget-container\">\n\t\t\t\t\t<div class=\"elementor-button-wrapper\">\n\t\t\t<a href=\"https:\/\/sopriata-industries.sn\/?page_id=11252\" class=\"elementor-button-link elementor-button elementor-size-sm elementor-animation-pulse-shrink\" role=\"button\">\n\t\t\t\t\t\t<span class=\"elementor-button-content-wrapper\">\n\t\t\t\t\t\t<span class=\"elementor-button-text\">Photos construction m\u00e9tallique<\/span>\n\t\t<\/span>\n\t\t\t\t\t<\/a>\n\t\t<\/div>\n\t\t\t\t<\/div>\n\t\t\t\t<\/div>\n\t\t\t\t<div class=\"elementor-element elementor-element-e05f6ef elementor-widget elementor-widget-button\" data-id=\"e05f6ef\" data-element_type=\"widget\" data-widget_type=\"button.default\">\n\t\t\t\t<div class=\"elementor-widget-container\">\n\t\t\t\t\t<div class=\"elementor-button-wrapper\">\n\t\t\t<a href=\"#\" class=\"elementor-button-link elementor-button elementor-size-sm elementor-animation-pulse-shrink\" role=\"button\">\n\t\t\t\t\t\t<span class=\"elementor-button-content-wrapper\">\n\t\t\t\t\t\t<span class=\"elementor-button-text\">Vid\u00e9os<\/span>\n\t\t<\/span>\n\t\t\t\t\t<\/a>\n\t\t<\/div>\n\t\t\t\t<\/div>\n\t\t\t\t<\/div>\n\t\t\t\t<div class=\"elementor-element elementor-element-5aa0f02 elementor-widget elementor-widget-button\" data-id=\"5aa0f02\" data-element_type=\"widget\" data-widget_type=\"button.default\">\n\t\t\t\t<div class=\"elementor-widget-container\">\n\t\t\t\t\t<div class=\"elementor-button-wrapper\">\n\t\t\t<a href=\"#\" class=\"elementor-button-link elementor-button elementor-size-sm elementor-animation-pulse-shrink\" role=\"button\">\n\t\t\t\t\t\t<span class=\"elementor-button-content-wrapper\">\n\t\t\t\t\t\t<span class=\"elementor-button-text\">Charpente m\u00e9tallique<\/span>\n\t\t<\/span>\n\t\t\t\t\t<\/a>\n\t\t<\/div>\n\t\t\t\t<\/div>\n\t\t\t\t<\/div>\n\t\t\t\t<div class=\"elementor-element elementor-element-0614cb0 elementor-widget elementor-widget-button\" data-id=\"0614cb0\" data-element_type=\"widget\" data-widget_type=\"button.default\">\n\t\t\t\t<div class=\"elementor-widget-container\">\n\t\t\t\t\t<div class=\"elementor-button-wrapper\">\n\t\t\t<a href=\"#\" class=\"elementor-button-link elementor-button elementor-size-sm elementor-animation-pulse-shrink\" role=\"button\">\n\t\t\t\t\t\t<span class=\"elementor-button-content-wrapper\">\n\t\t\t\t\t\t<span class=\"elementor-button-text\">Plancher m\u00e9tallique<\/span>\n\t\t<\/span>\n\t\t\t\t\t<\/a>\n\t\t<\/div>\n\t\t\t\t<\/div>\n\t\t\t\t<\/div>\n\t\t\t\t<div class=\"elementor-element elementor-element-a4d1831 elementor-widget elementor-widget-button\" data-id=\"a4d1831\" data-element_type=\"widget\" data-widget_type=\"button.default\">\n\t\t\t\t<div class=\"elementor-widget-container\">\n\t\t\t\t\t<div class=\"elementor-button-wrapper\">\n\t\t\t<a href=\"#\" class=\"elementor-button-link elementor-button elementor-size-sm elementor-animation-pulse-shrink\" role=\"button\">\n\t\t\t\t\t\t<span class=\"elementor-button-content-wrapper\">\n\t\t\t\t\t\t<span class=\"elementor-button-text\">Poutre pont roulant<\/span>\n\t\t<\/span>\n\t\t\t\t\t<\/a>\n\t\t<\/div>\n\t\t\t\t<\/div>\n\t\t\t\t<\/div>\n\t\t\t\t<div class=\"elementor-element elementor-element-850b8a1 elementor-widget elementor-widget-button\" data-id=\"850b8a1\" data-element_type=\"widget\" data-widget_type=\"button.default\">\n\t\t\t\t<div class=\"elementor-widget-container\">\n\t\t\t\t\t<div class=\"elementor-button-wrapper\">\n\t\t\t<a href=\"#\" class=\"elementor-button-link elementor-button elementor-size-sm elementor-animation-pulse-shrink\" role=\"button\">\n\t\t\t\t\t\t<span class=\"elementor-button-content-wrapper\">\n\t\t\t\t\t\t<span class=\"elementor-button-text\">Structure de carri\u00e8re<\/span>\n\t\t<\/span>\n\t\t\t\t\t<\/a>\n\t\t<\/div>\n\t\t\t\t<\/div>\n\t\t\t\t<\/div>\n\t\t\t\t<div class=\"elementor-element elementor-element-f90dcf1 elementor-widget elementor-widget-button\" data-id=\"f90dcf1\" data-element_type=\"widget\" data-widget_type=\"button.default\">\n\t\t\t\t<div class=\"elementor-widget-container\">\n\t\t\t\t\t<div class=\"elementor-button-wrapper\">\n\t\t\t<a href=\"#\" class=\"elementor-button-link elementor-button elementor-size-sm elementor-animation-pulse-shrink\" role=\"button\">\n\t\t\t\t\t\t<span class=\"elementor-button-content-wrapper\">\n\t\t\t\t\t\t<span class=\"elementor-button-text\">Pyl\u00f4nes et travaux sp\u00e9cifiques<\/span>\n\t\t<\/span>\n\t\t\t\t\t<\/a>\n\t\t<\/div>\n\t\t\t\t<\/div>\n\t\t\t\t<\/div>\n\t\t\t\t<div class=\"elementor-element elementor-element-16f950a elementor-widget elementor-widget-image\" data-id=\"16f950a\" data-element_type=\"widget\" data-widget_type=\"image.default\">\n\t\t\t\t<div class=\"elementor-widget-container\">\n\t\t\t\t\t\t\t\t\t\t\t\t\t\t\t\t<a href=\"https:\/\/sopriata-industries.sn\/?page_id=11408\">\n\t\t\t\t\t\t\t<img loading=\"lazy\" decoding=\"async\" width=\"280\" height=\"230\" src=\"https:\/\/sopriata-industries.sn\/wp-content\/uploads\/2021\/07\/catalogue.jpeg\" class=\"attachment-large size-large\" alt=\"\" \/>\t\t\t\t\t\t\t\t<\/a>\n\t\t\t\t\t\t\t\t\t\t\t\t\t\t\t<\/div>\n\t\t\t\t<\/div>\n\t\t\t\t\t<\/div>\n\t\t<\/div>\n\t\t\t\t\t\t\t<\/div>\n\t\t<\/section>\n\t\t\t\t\t\t\t<\/div>\n\t\t","protected":false},"excerpt":{"rendered":"<p>PR\u00c9SENTATION CHARPENTE METALLIQUE\u00a0 Nos activit\u00e9s de charpente m\u00e9tallique couvrent l\u2019ensemble de notre activit\u00e9 de transformation des produits en acier pour la confection et le montage des ouvrages, structures, b\u00e2timents, supportages, pyl\u00f4nes, fermes pont roulants\u2026.Notre capacit\u00e9 de fabrication tourne autour de 1500 a 2500 Tonnes par an suivant le type de structure. Normes et r\u00e8gles de [&hellip;]<\/p>\n","protected":false},"author":1,"featured_media":0,"parent":0,"menu_order":0,"comment_status":"closed","ping_status":"closed","template":"","meta":{"footnotes":""},"class_list":["post-11072","page","type-page","status-publish","hentry"],"_links":{"self":[{"href":"https:\/\/sopriata-industries.sn\/index.php?rest_route=\/wp\/v2\/pages\/11072","targetHints":{"allow":["GET"]}}],"collection":[{"href":"https:\/\/sopriata-industries.sn\/index.php?rest_route=\/wp\/v2\/pages"}],"about":[{"href":"https:\/\/sopriata-industries.sn\/index.php?rest_route=\/wp\/v2\/types\/page"}],"author":[{"embeddable":true,"href":"https:\/\/sopriata-industries.sn\/index.php?rest_route=\/wp\/v2\/users\/1"}],"replies":[{"embeddable":true,"href":"https:\/\/sopriata-industries.sn\/index.php?rest_route=%2Fwp%2Fv2%2Fcomments&post=11072"}],"version-history":[{"count":35,"href":"https:\/\/sopriata-industries.sn\/index.php?rest_route=\/wp\/v2\/pages\/11072\/revisions"}],"predecessor-version":[{"id":11512,"href":"https:\/\/sopriata-industries.sn\/index.php?rest_route=\/wp\/v2\/pages\/11072\/revisions\/11512"}],"wp:attachment":[{"href":"https:\/\/sopriata-industries.sn\/index.php?rest_route=%2Fwp%2Fv2%2Fmedia&parent=11072"}],"curies":[{"name":"wp","href":"https:\/\/api.w.org\/{rel}","templated":true}]}}